{"id":10,"date":"2022-12-04T16:13:40","date_gmt":"2022-12-04T15:13:40","guid":{"rendered":"https:\/\/poteriemirette.com\/?page_id=10"},"modified":"2026-03-01T11:22:21","modified_gmt":"2026-03-01T10:22:21","slug":"contact","status":"publish","type":"page","link":"https:\/\/poteriemirette.com\/index.php\/contact\/","title":{"rendered":"Contact"},"content":{"rendered":"\n<div class=\"wp-block-cover alignfull\" style=\"min-height:149px;aspect-ratio:unset;\"><span aria-hidden=\"true\" class=\"wp-block-cover__background has-nv-site-bg-background-color has-background-dim-100 has-background-dim\"><\/span><div class=\"wp-block-cover__inner-container is-layout-flow wp-block-cover-is-layout-flow\">\n<div class=\"wp-block-group\"><div class=\"wp-block-group__inner-container is-layout-flow wp-block-group-is-layout-flow\">\n<h2 class=\"wp-block-heading has-text-align-left has-neve-text-color-color has-text-color\">Me contacter<\/h2>\n<\/div><\/div>\n<\/div><\/div>\n\n\n\n<div class=\"wp-block-cover alignfull\" style=\"min-height:364px;aspect-ratio:unset;\"><span aria-hidden=\"true\" class=\"wp-block-cover__background has-nv-light-bg-background-color has-background-dim-100 has-background-dim\"><\/span><div class=\"wp-block-cover__inner-container is-layout-flow wp-block-cover-is-layout-flow\">\n<div style=\"height:0px\" aria-hidden=\"true\" class=\"wp-block-spacer\"><\/div>\n\n\n\n<div class=\"wp-block-columns is-layout-flex wp-container-core-columns-is-layout-9d6595d7 wp-block-columns-is-layout-flex\">\n<div class=\"wp-block-column is-layout-flow wp-block-column-is-layout-flow\">\n<div style=\"height:24px\" aria-hidden=\"true\" class=\"wp-block-spacer\"><\/div>\n\n\n<div class=\"wp-block-image icon-style is-style-rounded\">\n<figure class=\"aligncenter is-resized\"><img decoding=\"async\" src=\"https:\/\/poteriemirette.com\/wp-content\/themes\/neve\/assets\/img\/starter-content\/icon-05.svg\" alt=\"\" style=\"width:48px;height:48px\"\/><\/figure>\n<\/div>\n\n\n<h3 class=\"wp-block-heading has-text-align-center has-neve-text-color-color has-text-color\">Horaires<\/h3>\n\n\n\n<p class=\"has-text-align-center has-neve-text-color-color has-text-color\" style=\"font-size:15px\">| Lundi et vendredi | 10h &#8211; 18h |<\/p>\n<\/div>\n\n\n\n<div class=\"wp-block-column is-layout-flow wp-block-column-is-layout-flow\">\n<div style=\"height:24px\" aria-hidden=\"true\" class=\"wp-block-spacer\"><\/div>\n\n\n<div class=\"wp-block-image icon-style is-style-rounded\">\n<figure class=\"aligncenter is-resized\"><img decoding=\"async\" src=\"https:\/\/poteriemirette.com\/wp-content\/themes\/neve\/assets\/img\/starter-content\/icon-06.svg\" alt=\"\" style=\"width:48px;height:48px\"\/><\/figure>\n<\/div>\n\n\n<h3 class=\"wp-block-heading has-text-align-center has-neve-text-color-color has-text-color\">Par courriel<\/h3>\n\n\n\n<p class=\"has-text-align-center has-neve-text-color-color has-text-color\" style=\"font-size:15px\">poteriemirette@protonmail.com<\/p>\n<\/div>\n\n\n\n<div class=\"wp-block-column is-layout-flow wp-block-column-is-layout-flow\">\n<div style=\"height:24px\" aria-hidden=\"true\" class=\"wp-block-spacer\"><\/div>\n\n\n<div class=\"wp-block-image icon-style is-style-rounded\">\n<figure class=\"aligncenter is-resized\"><img decoding=\"async\" src=\"https:\/\/poteriemirette.com\/wp-content\/themes\/neve\/assets\/img\/starter-content\/icon-04.svg\" alt=\"\" style=\"width:48px;height:48px\"\/><\/figure>\n<\/div>\n\n\n<h3 class=\"wp-block-heading has-text-align-center has-neve-text-color-color has-text-color\">Sur rendez-vous<\/h3>\n\n\n\n<p class=\"has-text-align-center has-neve-text-color-color has-text-color\" style=\"font-size:15px\">\u00e0 l&rsquo;atelier \u00e0 Sandillon, Loiret (45)<\/p>\n<\/div>\n<\/div>\n<\/div><\/div>\n\n\n\n<ul class=\"wp-block-social-links has-large-icon-size has-icon-color is-style-logos-only is-content-justification-center is-layout-flex wp-container-core-social-links-is-layout-16018d1d wp-block-social-links-is-layout-flex\"><li style=\"color:var(--nv-secondary-accent);\" class=\"wp-social-link wp-social-link-facebook has-neve-link-hover-color-color wp-block-social-link\"><a rel=\"noopener nofollow\" target=\"_blank\" href=\"https:\/\/www.facebook.com\/people\/Poterie-Mirette\/100090655436410\/\" class=\"wp-block-social-link-anchor\"><svg width=\"24\" height=\"24\" viewBox=\"0 0 24 24\" version=\"1.1\" xmlns=\"http:\/\/www.w3.org\/2000\/svg\" aria-hidden=\"true\" focusable=\"false\"><path d=\"M12 2C6.5 2 2 6.5 2 12c0 5 3.7 9.1 8.4 9.9v-7H7.9V12h2.5V9.8c0-2.5 1.5-3.9 3.8-3.9 1.1 0 2.2.2 2.2.2v2.5h-1.3c-1.2 0-1.6.8-1.6 1.6V12h2.8l-.4 2.9h-2.3v7C18.3 21.1 22 17 22 12c0-5.5-4.5-10-10-10z\"><\/path><\/svg><span class=\"wp-block-social-link-label screen-reader-text\">Facebook<\/span><\/a><\/li>\n\n<li style=\"color:var(--nv-secondary-accent);\" class=\"wp-social-link wp-social-link-instagram has-neve-link-hover-color-color wp-block-social-link\"><a rel=\"noopener nofollow\" target=\"_blank\" href=\"https:\/\/instagram.com\/poterie_mirette\/\" class=\"wp-block-social-link-anchor\"><svg width=\"24\" height=\"24\" viewBox=\"0 0 24 24\" version=\"1.1\" xmlns=\"http:\/\/www.w3.org\/2000\/svg\" aria-hidden=\"true\" focusable=\"false\"><path d=\"M12,4.622c2.403,0,2.688,0.009,3.637,0.052c0.877,0.04,1.354,0.187,1.671,0.31c0.42,0.163,0.72,0.358,1.035,0.673 c0.315,0.315,0.51,0.615,0.673,1.035c0.123,0.317,0.27,0.794,0.31,1.671c0.043,0.949,0.052,1.234,0.052,3.637 s-0.009,2.688-0.052,3.637c-0.04,0.877-0.187,1.354-0.31,1.671c-0.163,0.42-0.358,0.72-0.673,1.035 c-0.315,0.315-0.615,0.51-1.035,0.673c-0.317,0.123-0.794,0.27-1.671,0.31c-0.949,0.043-1.233,0.052-3.637,0.052 s-2.688-0.009-3.637-0.052c-0.877-0.04-1.354-0.187-1.671-0.31c-0.42-0.163-0.72-0.358-1.035-0.673 c-0.315-0.315-0.51-0.615-0.673-1.035c-0.123-0.317-0.27-0.794-0.31-1.671C4.631,14.688,4.622,14.403,4.622,12 s0.009-2.688,0.052-3.637c0.04-0.877,0.187-1.354,0.31-1.671c0.163-0.42,0.358-0.72,0.673-1.035 c0.315-0.315,0.615-0.51,1.035-0.673c0.317-0.123,0.794-0.27,1.671-0.31C9.312,4.631,9.597,4.622,12,4.622 M12,3 C9.556,3,9.249,3.01,8.289,3.054C7.331,3.098,6.677,3.25,6.105,3.472C5.513,3.702,5.011,4.01,4.511,4.511 c-0.5,0.5-0.808,1.002-1.038,1.594C3.25,6.677,3.098,7.331,3.054,8.289C3.01,9.249,3,9.556,3,12c0,2.444,0.01,2.751,0.054,3.711 c0.044,0.958,0.196,1.612,0.418,2.185c0.23,0.592,0.538,1.094,1.038,1.594c0.5,0.5,1.002,0.808,1.594,1.038 c0.572,0.222,1.227,0.375,2.185,0.418C9.249,20.99,9.556,21,12,21s2.751-0.01,3.711-0.054c0.958-0.044,1.612-0.196,2.185-0.418 c0.592-0.23,1.094-0.538,1.594-1.038c0.5-0.5,0.808-1.002,1.038-1.594c0.222-0.572,0.375-1.227,0.418-2.185 C20.99,14.751,21,14.444,21,12s-0.01-2.751-0.054-3.711c-0.044-0.958-0.196-1.612-0.418-2.185c-0.23-0.592-0.538-1.094-1.038-1.594 c-0.5-0.5-1.002-0.808-1.594-1.038c-0.572-0.222-1.227-0.375-2.185-0.418C14.751,3.01,14.444,3,12,3L12,3z M12,7.378 c-2.552,0-4.622,2.069-4.622,4.622S9.448,16.622,12,16.622s4.622-2.069,4.622-4.622S14.552,7.378,12,7.378z M12,15 c-1.657,0-3-1.343-3-3s1.343-3,3-3s3,1.343,3,3S13.657,15,12,15z M16.804,6.116c-0.596,0-1.08,0.484-1.08,1.08 s0.484,1.08,1.08,1.08c0.596,0,1.08-0.484,1.08-1.08S17.401,6.116,16.804,6.116z\"><\/path><\/svg><span class=\"wp-block-social-link-label screen-reader-text\">Instagram<\/span><\/a><\/li><\/ul>\n\n\n\n<div class=\"wp-block-cover alignfull\" style=\"min-height:499px;aspect-ratio:unset;\"><span aria-hidden=\"true\" class=\"wp-block-cover__background has-nv-dark-bg-background-color has-background-dim-100 has-background-dim\"><\/span><div class=\"wp-block-cover__inner-container is-layout-flow wp-block-cover-is-layout-flow\">\n<div class=\"wp-block-group\"><div class=\"wp-block-group__inner-container is-layout-flow wp-block-group-is-layout-flow\">\n<div class=\"wp-block-columns is-layout-flex wp-container-core-columns-is-layout-9d6595d7 wp-block-columns-is-layout-flex\">\n<div class=\"wp-block-column is-vertically-aligned-center is-layout-flow wp-block-column-is-layout-flow\" style=\"flex-basis:50%\">\n<h3 class=\"wp-block-heading has-nv-text-dark-bg-color has-text-color\">Le mieux : prenez rendez-vous !<\/h3>\n\n\n\n<p class=\"has-nv-site-bg-color has-text-color\">L&rsquo;atelier est ouvert sur rendez-vous. <\/p>\n\n\n\n<p class=\"has-nv-site-bg-color has-text-color\">Par courriel, envoyez-moi un petit message. Je vous r\u00e9pondrai avec plaisir. <\/p>\n\n\n\n<p class=\"has-nv-site-bg-color has-text-color\">Je vous accueille le lundi et le vendredi. Et pour ne rien manquer de<\/p>\n\n\n\n<p>l&rsquo;actualit\u00e9 de l&rsquo;atelier, inscrivez-vous sur la lettre d&rsquo;info.<\/p>\n\n\n\n<p class=\"has-nv-site-bg-color has-text-color\">A bient\u00f4t, Claire<\/p>\n<\/div>\n\n\n\n<div class=\"wp-block-column is-vertically-aligned-center is-layout-flow wp-block-column-is-layout-flow\" style=\"flex-basis:50%\"><div class=\"wp-block-image\">\n<figure class=\"aligncenter size-large\"><img fetchpriority=\"high\" decoding=\"async\" width=\"1024\" height=\"683\" src=\"https:\/\/poteriemirette.com\/wp-content\/uploads\/2022\/12\/IMG_9328-1024x683.jpg\" alt=\"assiettes et vaisselle en gr\u00e8s de Puisaye, gr\u00e8s local, \u00e9maux issus de recherche personnelle.\" class=\"wp-image-71\" srcset=\"https:\/\/poteriemirette.com\/wp-content\/uploads\/2022\/12\/IMG_9328-1024x683.jpg 1024w, https:\/\/poteriemirette.com\/wp-content\/uploads\/2022\/12\/IMG_9328-300x200.jpg 300w, https:\/\/poteriemirette.com\/wp-content\/uploads\/2022\/12\/IMG_9328-768x512.jpg 768w, https:\/\/poteriemirette.com\/wp-content\/uploads\/2022\/12\/IMG_9328-1536x1024.jpg 1536w, https:\/\/poteriemirette.com\/wp-content\/uploads\/2022\/12\/IMG_9328-2048x1365.jpg 2048w, https:\/\/poteriemirette.com\/wp-content\/uploads\/2022\/12\/IMG_9328-930x620.jpg 930w\" sizes=\"(max-width: 1024px) 100vw, 1024px\" \/><figcaption class=\"wp-element-caption\">(c) Lalie Tauzi<\/figcaption><\/figure>\n<\/div><\/div>\n<\/div>\n<\/div><\/div>\n<\/div><\/div>\n","protected":false},"excerpt":{"rendered":"","protected":false},"author":1,"featured_media":0,"parent":0,"menu_order":0,"comment_status":"closed","ping_status":"closed","template":"","meta":{"neve_meta_sidebar":"","neve_meta_container":"","neve_meta_enable_content_width":"on","neve_meta_content_width":100,"neve_meta_title_alignment":"","neve_meta_author_avatar":"","neve_post_elements_order":"","neve_meta_disable_header":"","neve_meta_disable_footer":"","neve_meta_disable_title":"on","footnotes":""},"class_list":["post-10","page","type-page","status-publish","hentry"],"yoast_head":"<!-- This site is optimized with the Yoast SEO plugin v27.4 - https:\/\/yoast.com\/product\/yoast-seo-wordpress\/ -->\n<title>Contact - Poterie Mirette<\/title>\n<meta name=\"description\" content=\"atelier ; poterie ; sandillon ; artisanat ; c\u00e9ramique ; contact ; poterie mirette ; poti\u00e8re ; fait main ; slowmade ; loiret ; Loire \u00e0 v\u00e9lo\" \/>\n<meta name=\"robots\" content=\"index, follow, max-snippet:-1, max-image-preview:large, max-video-preview:-1\" \/>\n<link rel=\"canonical\" href=\"https:\/\/poteriemirette.com\/index.php\/contact\/\" \/>\n<meta property=\"og:locale\" content=\"fr_FR\" \/>\n<meta property=\"og:type\" content=\"article\" \/>\n<meta property=\"og:title\" content=\"Contact - Poterie Mirette\" \/>\n<meta property=\"og:description\" content=\"atelier ; poterie ; sandillon ; artisanat ; c\u00e9ramique ; contact ; poterie mirette ; poti\u00e8re ; fait main ; slowmade ; loiret ; Loire \u00e0 v\u00e9lo\" \/>\n<meta property=\"og:url\" content=\"https:\/\/poteriemirette.com\/index.php\/contact\/\" \/>\n<meta property=\"og:site_name\" content=\"Poterie Mirette\" \/>\n<meta property=\"article:modified_time\" content=\"2026-03-01T10:22:21+00:00\" \/>\n<meta property=\"og:image\" content=\"https:\/\/poteriemirette.com\/wp-content\/themes\/neve\/assets\/img\/starter-content\/icon-05.svg\" \/>\n<meta name=\"twitter:card\" content=\"summary_large_image\" \/>\n<meta name=\"twitter:label1\" content=\"Dur\u00e9e de lecture estim\u00e9e\" \/>\n\t<meta name=\"twitter:data1\" content=\"2 minutes\" \/>\n<script type=\"application\/ld+json\" class=\"yoast-schema-graph\">{\"@context\":\"https:\\\/\\\/schema.org\",\"@graph\":[{\"@type\":\"WebPage\",\"@id\":\"https:\\\/\\\/poteriemirette.com\\\/index.php\\\/contact\\\/\",\"url\":\"https:\\\/\\\/poteriemirette.com\\\/index.php\\\/contact\\\/\",\"name\":\"Contact - Poterie Mirette\",\"isPartOf\":{\"@id\":\"https:\\\/\\\/poteriemirette.com\\\/#website\"},\"primaryImageOfPage\":{\"@id\":\"https:\\\/\\\/poteriemirette.com\\\/index.php\\\/contact\\\/#primaryimage\"},\"image\":{\"@id\":\"https:\\\/\\\/poteriemirette.com\\\/index.php\\\/contact\\\/#primaryimage\"},\"thumbnailUrl\":\"https:\\\/\\\/poteriemirette.com\\\/wp-content\\\/themes\\\/neve\\\/assets\\\/img\\\/starter-content\\\/icon-05.svg\",\"datePublished\":\"2022-12-04T15:13:40+00:00\",\"dateModified\":\"2026-03-01T10:22:21+00:00\",\"description\":\"atelier ; poterie ; sandillon ; artisanat ; c\u00e9ramique ; contact ; poterie mirette ; poti\u00e8re ; fait main ; slowmade ; loiret ; Loire \u00e0 v\u00e9lo\",\"breadcrumb\":{\"@id\":\"https:\\\/\\\/poteriemirette.com\\\/index.php\\\/contact\\\/#breadcrumb\"},\"inLanguage\":\"fr-FR\",\"potentialAction\":[{\"@type\":\"ReadAction\",\"target\":[\"https:\\\/\\\/poteriemirette.com\\\/index.php\\\/contact\\\/\"]}]},{\"@type\":\"ImageObject\",\"inLanguage\":\"fr-FR\",\"@id\":\"https:\\\/\\\/poteriemirette.com\\\/index.php\\\/contact\\\/#primaryimage\",\"url\":\"https:\\\/\\\/poteriemirette.com\\\/wp-content\\\/themes\\\/neve\\\/assets\\\/img\\\/starter-content\\\/icon-05.svg\",\"contentUrl\":\"https:\\\/\\\/poteriemirette.com\\\/wp-content\\\/themes\\\/neve\\\/assets\\\/img\\\/starter-content\\\/icon-05.svg\"},{\"@type\":\"BreadcrumbList\",\"@id\":\"https:\\\/\\\/poteriemirette.com\\\/index.php\\\/contact\\\/#breadcrumb\",\"itemListElement\":[{\"@type\":\"ListItem\",\"position\":1,\"name\":\"Accueil\",\"item\":\"https:\\\/\\\/poteriemirette.com\\\/\"},{\"@type\":\"ListItem\",\"position\":2,\"name\":\"Contact\"}]},{\"@type\":\"WebSite\",\"@id\":\"https:\\\/\\\/poteriemirette.com\\\/#website\",\"url\":\"https:\\\/\\\/poteriemirette.com\\\/\",\"name\":\"https:\\\/\\\/www.poteriemirette.com\",\"description\":\"Poterie &amp; C\u00e9ramique\",\"publisher\":{\"@id\":\"https:\\\/\\\/poteriemirette.com\\\/#organization\"},\"alternateName\":\"PM\",\"potentialAction\":[{\"@type\":\"SearchAction\",\"target\":{\"@type\":\"EntryPoint\",\"urlTemplate\":\"https:\\\/\\\/poteriemirette.com\\\/?s={search_term_string}\"},\"query-input\":{\"@type\":\"PropertyValueSpecification\",\"valueRequired\":true,\"valueName\":\"search_term_string\"}}],\"inLanguage\":\"fr-FR\"},{\"@type\":\"Organization\",\"@id\":\"https:\\\/\\\/poteriemirette.com\\\/#organization\",\"name\":\"Poterie Mirette\",\"url\":\"https:\\\/\\\/poteriemirette.com\\\/\",\"logo\":{\"@type\":\"ImageObject\",\"inLanguage\":\"fr-FR\",\"@id\":\"https:\\\/\\\/poteriemirette.com\\\/#\\\/schema\\\/logo\\\/image\\\/\",\"url\":\"https:\\\/\\\/poteriemirette.com\\\/wp-content\\\/uploads\\\/2023\\\/02\\\/cropped-Logo.Tampon.PM_.png\",\"contentUrl\":\"https:\\\/\\\/poteriemirette.com\\\/wp-content\\\/uploads\\\/2023\\\/02\\\/cropped-Logo.Tampon.PM_.png\",\"width\":512,\"height\":512,\"caption\":\"Poterie Mirette\"},\"image\":{\"@id\":\"https:\\\/\\\/poteriemirette.com\\\/#\\\/schema\\\/logo\\\/image\\\/\"},\"sameAs\":[\"https:\\\/\\\/www.instagram.com\\\/poterie_mirette\\\/\"]}]}<\/script>\n<!-- \/ Yoast SEO plugin. -->","yoast_head_json":{"title":"Contact - Poterie Mirette","description":"atelier ; poterie ; sandillon ; artisanat ; c\u00e9ramique ; contact ; poterie mirette ; poti\u00e8re ; fait main ; slowmade ; loiret ; Loire \u00e0 v\u00e9lo","robots":{"index":"index","follow":"follow","max-snippet":"max-snippet:-1","max-image-preview":"max-image-preview:large","max-video-preview":"max-video-preview:-1"},"canonical":"https:\/\/poteriemirette.com\/index.php\/contact\/","og_locale":"fr_FR","og_type":"article","og_title":"Contact - Poterie Mirette","og_description":"atelier ; poterie ; sandillon ; artisanat ; c\u00e9ramique ; contact ; poterie mirette ; poti\u00e8re ; fait main ; slowmade ; loiret ; Loire \u00e0 v\u00e9lo","og_url":"https:\/\/poteriemirette.com\/index.php\/contact\/","og_site_name":"Poterie Mirette","article_modified_time":"2026-03-01T10:22:21+00:00","og_image":[{"url":"https:\/\/poteriemirette.com\/wp-content\/themes\/neve\/assets\/img\/starter-content\/icon-05.svg","type":"","width":"","height":""}],"twitter_card":"summary_large_image","twitter_misc":{"Dur\u00e9e de lecture estim\u00e9e":"2 minutes"},"schema":{"@context":"https:\/\/schema.org","@graph":[{"@type":"WebPage","@id":"https:\/\/poteriemirette.com\/index.php\/contact\/","url":"https:\/\/poteriemirette.com\/index.php\/contact\/","name":"Contact - Poterie Mirette","isPartOf":{"@id":"https:\/\/poteriemirette.com\/#website"},"primaryImageOfPage":{"@id":"https:\/\/poteriemirette.com\/index.php\/contact\/#primaryimage"},"image":{"@id":"https:\/\/poteriemirette.com\/index.php\/contact\/#primaryimage"},"thumbnailUrl":"https:\/\/poteriemirette.com\/wp-content\/themes\/neve\/assets\/img\/starter-content\/icon-05.svg","datePublished":"2022-12-04T15:13:40+00:00","dateModified":"2026-03-01T10:22:21+00:00","description":"atelier ; poterie ; sandillon ; artisanat ; c\u00e9ramique ; contact ; poterie mirette ; poti\u00e8re ; fait main ; slowmade ; loiret ; Loire \u00e0 v\u00e9lo","breadcrumb":{"@id":"https:\/\/poteriemirette.com\/index.php\/contact\/#breadcrumb"},"inLanguage":"fr-FR","potentialAction":[{"@type":"ReadAction","target":["https:\/\/poteriemirette.com\/index.php\/contact\/"]}]},{"@type":"ImageObject","inLanguage":"fr-FR","@id":"https:\/\/poteriemirette.com\/index.php\/contact\/#primaryimage","url":"https:\/\/poteriemirette.com\/wp-content\/themes\/neve\/assets\/img\/starter-content\/icon-05.svg","contentUrl":"https:\/\/poteriemirette.com\/wp-content\/themes\/neve\/assets\/img\/starter-content\/icon-05.svg"},{"@type":"BreadcrumbList","@id":"https:\/\/poteriemirette.com\/index.php\/contact\/#breadcrumb","itemListElement":[{"@type":"ListItem","position":1,"name":"Accueil","item":"https:\/\/poteriemirette.com\/"},{"@type":"ListItem","position":2,"name":"Contact"}]},{"@type":"WebSite","@id":"https:\/\/poteriemirette.com\/#website","url":"https:\/\/poteriemirette.com\/","name":"https:\/\/www.poteriemirette.com","description":"Poterie &amp; C\u00e9ramique","publisher":{"@id":"https:\/\/poteriemirette.com\/#organization"},"alternateName":"PM","potentialAction":[{"@type":"SearchAction","target":{"@type":"EntryPoint","urlTemplate":"https:\/\/poteriemirette.com\/?s={search_term_string}"},"query-input":{"@type":"PropertyValueSpecification","valueRequired":true,"valueName":"search_term_string"}}],"inLanguage":"fr-FR"},{"@type":"Organization","@id":"https:\/\/poteriemirette.com\/#organization","name":"Poterie Mirette","url":"https:\/\/poteriemirette.com\/","logo":{"@type":"ImageObject","inLanguage":"fr-FR","@id":"https:\/\/poteriemirette.com\/#\/schema\/logo\/image\/","url":"https:\/\/poteriemirette.com\/wp-content\/uploads\/2023\/02\/cropped-Logo.Tampon.PM_.png","contentUrl":"https:\/\/poteriemirette.com\/wp-content\/uploads\/2023\/02\/cropped-Logo.Tampon.PM_.png","width":512,"height":512,"caption":"Poterie Mirette"},"image":{"@id":"https:\/\/poteriemirette.com\/#\/schema\/logo\/image\/"},"sameAs":["https:\/\/www.instagram.com\/poterie_mirette\/"]}]}},"_links":{"self":[{"href":"https:\/\/poteriemirette.com\/index.php\/wp-json\/wp\/v2\/pages\/10","targetHints":{"allow":["GET"]}}],"collection":[{"href":"https:\/\/poteriemirette.com\/index.php\/wp-json\/wp\/v2\/pages"}],"about":[{"href":"https:\/\/poteriemirette.com\/index.php\/wp-json\/wp\/v2\/types\/page"}],"author":[{"embeddable":true,"href":"https:\/\/poteriemirette.com\/index.php\/wp-json\/wp\/v2\/users\/1"}],"replies":[{"embeddable":true,"href":"https:\/\/poteriemirette.com\/index.php\/wp-json\/wp\/v2\/comments?post=10"}],"version-history":[{"count":15,"href":"https:\/\/poteriemirette.com\/index.php\/wp-json\/wp\/v2\/pages\/10\/revisions"}],"predecessor-version":[{"id":802,"href":"https:\/\/poteriemirette.com\/index.php\/wp-json\/wp\/v2\/pages\/10\/revisions\/802"}],"wp:attachment":[{"href":"https:\/\/poteriemirette.com\/index.php\/wp-json\/wp\/v2\/media?parent=10"}],"curies":[{"name":"wp","href":"https:\/\/api.w.org\/{rel}","templated":true}]}}